{"id":1588,"date":"2023-03-11T18:11:16","date_gmt":"2023-03-11T16:11:16","guid":{"rendered":"http:\/\/mustamakimedia.fi\/contact\/"},"modified":"2024-04-29T14:06:07","modified_gmt":"2024-04-29T11:06:07","slug":"yhteystiedot","status":"publish","type":"page","link":"https:\/\/mustamakimedia.fi\/fi\/yhteystiedot\/","title":{"rendered":"Yhteystiedot"},"content":{"rendered":"<p>[et_pb_section fb_built=&#8221;1&#8243; _builder_version=&#8221;4.20.2&#8243; _module_preset=&#8221;default&#8221; background_enable_color=&#8221;off&#8221; custom_margin=&#8221;0px||||false|false&#8221; custom_padding=&#8221;0px||2px|||&#8221; global_colors_info=&#8221;{}&#8221;][et_pb_row column_structure=&#8221;1_3,1_3,1_3&#8243; use_custom_gutter=&#8221;on&#8221; _builder_version=&#8221;4.20.2&#8243; _module_preset=&#8221;default&#8221; max_width=&#8221;3840px&#8221; custom_margin=&#8221;3px|auto||auto||&#8221; custom_padding=&#8221;0px||25px||false|false&#8221; custom_css_main_element=&#8221;display: flex;||align-items: center;&#8221; global_colors_info=&#8221;{}&#8221; custom_css_main_element_last_edited=&#8221;on|phone&#8221; custom_css_main_element_tablet=&#8221;display:block;&#8221; custom_css_main_element_phone=&#8221;display:block;&#8221;][et_pb_column type=&#8221;1_3&#8243; _builder_version=&#8221;4.19.4&#8243; _module_preset=&#8221;default&#8221; global_colors_info=&#8221;{}&#8221;][et_pb_divider divider_position=&#8221;center&#8221; _builder_version=&#8221;4.19.4&#8243; _module_preset=&#8221;default&#8221; custom_padding=&#8221;30px||30px||false|false&#8221; custom_padding_tablet=&#8221;10px||10px||true|false&#8221; custom_padding_phone=&#8221;8px||8px||true|false&#8221; custom_padding_last_edited=&#8221;on|phone&#8221; global_colors_info=&#8221;{}&#8221;][\/et_pb_divider][\/et_pb_column][et_pb_column type=&#8221;1_3&#8243; _builder_version=&#8221;4.19.4&#8243; _module_preset=&#8221;default&#8221; global_colors_info=&#8221;{}&#8221;][et_pb_text _builder_version=&#8221;4.20.4&#8243; _module_preset=&#8221;default&#8221; text_font=&#8221;||||||||&#8221; header_2_font=&#8221;|||on|||||&#8221; header_2_text_align=&#8221;center&#8221; header_2_text_color=&#8221;#212121&#8243; background_enable_image=&#8221;off&#8221; background_size=&#8221;custom&#8221; background_image_width=&#8221;4%&#8221; background_image_height=&#8221;0%&#8221; background_position=&#8221;top_center&#8221; custom_margin=&#8221;||0px||false|false&#8221; custom_padding=&#8221;30px||0px||false|false&#8221; custom_padding_tablet=&#8221;0px||||false|false&#8221; custom_padding_phone=&#8221;&#8221; custom_padding_last_edited=&#8221;on|phone&#8221; global_colors_info=&#8221;{}&#8221; custom_css_before_last_edited=&#8221;off|desktop&#8221; custom_css_after_last_edited=&#8221;off|desktop&#8221;]<\/p>\n<div class=\"mmm-divider-logo-image-container\"><img loading=\"lazy\" decoding=\"async\" src=\"https:\/\/mustamakimedia.fi\/wp-content\/uploads\/2023\/03\/MMM-Valokuvaaja-Jyvaskyla-Logo-sqb-512.png\" alt=\"\" class=\"wp-image-74 alignnone size-full mmm-divider-logo-image\" width=\"512\" height=\"512\" srcset=\"https:\/\/mustamakimedia.fi\/wp-content\/uploads\/2023\/03\/MMM-Valokuvaaja-Jyvaskyla-Logo-sqb-512.png 512w, https:\/\/mustamakimedia.fi\/wp-content\/uploads\/2023\/03\/MMM-Valokuvaaja-Jyvaskyla-Logo-sqb-512-480x480.png 480w\" sizes=\"auto, (min-width: 0px) and (max-width: 480px) 480px, (min-width: 481px) 512px, 100vw\" \/><\/div>\n<h2>Yhteystiedot &#8211; VALOKUVAAJA JYV\u00c4SKYL\u00c4 <\/h2>\n<p>[\/et_pb_text][et_pb_text _builder_version=&#8221;4.24.0&#8243; _module_preset=&#8221;default&#8221; text_font_size=&#8221;12px&#8221; text_orientation=&#8221;center&#8221; custom_margin=&#8221;0px||||false|false&#8221; custom_padding=&#8221;0px||||false|false&#8221; hover_enabled=&#8221;0&#8243; global_colors_info=&#8221;{}&#8221; sticky_enabled=&#8221;0&#8243;]<\/p>\n<p>VALOKUVAAJA \/ DRONE PILOT \/ RETUSOERI KESKI-SUOMESSA \/ VALOKUVAAJA JYV\u00c4SKYL\u00c4<\/p>\n<p>&nbsp;<\/p>\n<p>[\/et_pb_text][\/et_pb_column][et_pb_column type=&#8221;1_3&#8243; _builder_version=&#8221;4.19.4&#8243; _module_preset=&#8221;default&#8221; global_colors_info=&#8221;{}&#8221;][et_pb_divider divider_position=&#8221;center&#8221; _builder_version=&#8221;4.20.2&#8243; _module_preset=&#8221;default&#8221; custom_padding=&#8221;30px||30px||false|false&#8221; custom_padding_tablet=&#8221;10px||10px||true|false&#8221; custom_padding_phone=&#8221;8px||8px||true|false&#8221; custom_padding_last_edited=&#8221;on|phone&#8221; global_colors_info=&#8221;{}&#8221;][\/et_pb_divider][\/et_pb_column][\/et_pb_row][et_pb_row disabled_on=&#8221;on|on|off&#8221; _builder_version=&#8221;4.20.2&#8243; _module_preset=&#8221;default&#8221; background_enable_color=&#8221;off&#8221; max_width=&#8221;3840px&#8221; custom_padding=&#8221;4px||11px||false|false&#8221; global_colors_info=&#8221;{}&#8221;][et_pb_column type=&#8221;4_4&#8243; _builder_version=&#8221;4.19.5&#8243; _module_preset=&#8221;default&#8221; global_colors_info=&#8221;{}&#8221;][et_pb_image src=&#8221;http:\/\/mustamakimedia.fi\/wp-content\/uploads\/2023\/04\/2023-Musta-Maki-Media-Valokuvaaja-Jyvaskyla-Yhteystiedot-01-scaled.jpg&#8221; title_text=&#8221;2023-Musta-Maki-Media-Valokuvaaja-Jyvaskyla-Yhteystiedot-01&#8243; _builder_version=&#8221;4.20.2&#8243; _module_preset=&#8221;default&#8221; custom_margin=&#8221;||14px|||&#8221; global_colors_info=&#8221;{}&#8221;][\/et_pb_image][\/et_pb_column][\/et_pb_row][\/et_pb_section][et_pb_section fb_built=&#8221;1&#8243; _builder_version=&#8221;4.19.5&#8243; _module_preset=&#8221;default&#8221; custom_padding=&#8221;0px|||||&#8221; global_colors_info=&#8221;{}&#8221;][et_pb_row column_structure=&#8221;1_2,1_2&#8243; make_equal=&#8221;on&#8221; _builder_version=&#8221;4.20.2&#8243; _module_preset=&#8221;default&#8221; background_color=&#8221;#FFFFFF&#8221; width_phone=&#8221;90%&#8221; max_width=&#8221;3840px&#8221; custom_margin=&#8221;||||false|false&#8221; custom_padding=&#8221;27px|0px|50px|0px|false|false&#8221; global_colors_info=&#8221;{}&#8221;][et_pb_column type=&#8221;1_2&#8243; _builder_version=&#8221;4.19.5&#8243; _module_preset=&#8221;default&#8221; global_colors_info=&#8221;{}&#8221;][et_pb_image src=&#8221;http:\/\/mustamakimedia.fi\/wp-content\/uploads\/2023\/04\/2023-Musta-Maki-Media-Valokuvaaja-Jyvaskyla-Yhteystiedot-01s.jpg&#8221; title_text=&#8221;2023-Musta-Maki-Media-Valokuvaaja-Jyvaskyla-Yhteystiedot-01s&#8221; disabled_on=&#8221;off|off|on&#8221; _builder_version=&#8221;4.20.2&#8243; _module_preset=&#8221;default&#8221; custom_margin=&#8221;||22px|||&#8221; global_colors_info=&#8221;{}&#8221;][\/et_pb_image][et_pb_text _builder_version=&#8221;4.24.0&#8243; _module_preset=&#8221;default&#8221; text_font=&#8221;||on||||||&#8221; text_text_color=&#8221;#515151&#8243; text_font_size=&#8221;15px&#8221; background_color=&#8221;#eaeaea&#8221; custom_margin=&#8221;||22px|||&#8221; custom_padding=&#8221;15px|15px|15px|15px|false|false&#8221; border_width_all=&#8221;1px&#8221; border_color_all=&#8221;#c9c9c9&#8243; global_colors_info=&#8221;{}&#8221;]<\/p>\n<p>Nimeni on Klaudia ja olen valokuvaaja Keski-Suomessa, Jyv\u00e4skyl\u00e4ss\u00e4. Hein\u00e4kuussa 2022 muutin Puolasta Suomeen. Portfoliossani sis\u00e4lt\u00e4\u00e4 yrityssessiot, muotokuvat, sisustussessiot, valokuvat sosiaalisessa mediassa, h\u00e4\u00e4kuvat, perhe- ja satunnaiset istunnot, drone-kuvat 4K-laadulla, drone-video 4K-laadulla, 360-panoraama dronista.<\/p>\n<p>[\/et_pb_text][et_pb_text _builder_version=&#8221;4.24.0&#8243; _module_preset=&#8221;default&#8221; text_text_color=&#8221;#515151&#8243; header_3_text_align=&#8221;left&#8221; header_4_font=&#8221;|600|||||||&#8221; header_4_text_color=&#8221;#515151&#8243; background_color=&#8221;#f3f3f3&#8243; custom_margin=&#8221;-4px||21px|||&#8221; custom_padding=&#8221;15px|15px|15px|15px|false|false&#8221; global_colors_info=&#8221;{}&#8221;]<\/p>\n<p>Minun tuotemerkkini: <strong>Musta M\u00e4ki Media<\/strong><\/p>\n<p>Klaudia Cieplinska<br \/>Valokuvaaja, valokuvaretusoija,<br \/>Drone-valokuvaaja ja -videokuvaaja<br \/>S\u00e4hk\u00f6posti: mustamakimedia@gmail.com<\/p>\n<p>[\/et_pb_text][et_pb_text _builder_version=&#8221;4.24.0&#8243; _module_preset=&#8221;default&#8221; text_text_color=&#8221;#515151&#8243; background_color=&#8221;#f3f3f3&#8243; custom_margin=&#8221;||-4px|||&#8221; custom_padding=&#8221;15px|15px|2px|15px|false|false&#8221; global_colors_info=&#8221;{}&#8221;]<\/p>\n<p>Ota minuun yhteytt\u00e4 t\u00e4ll\u00e4 sivustolla olevalla yhteydenottolomakkeella, <a href=\"https:\/\/www.facebook.com\/MustaMakiMedia\" target=\"_blank\" rel=\"noopener\">Facebookin<\/a> kautta.<\/p>\n<p>[\/et_pb_text][et_pb_text _builder_version=&#8221;4.20.2&#8243; _module_preset=&#8221;default&#8221; text_font=&#8221;||on||||||&#8221; background_color=&#8221;#f3f3f3&#8243; text_orientation=&#8221;right&#8221; custom_margin=&#8221;||14px|||&#8221; custom_padding=&#8221;0px|15px|15px|15px|false|false&#8221; global_colors_info=&#8221;{}&#8221;]<\/p>\n<p>Klaudia Cieplinska<\/p>\n<p>[\/et_pb_text][\/et_pb_column][et_pb_column type=&#8221;1_2&#8243; _builder_version=&#8221;4.19.5&#8243; _module_preset=&#8221;default&#8221; background_color=&#8221;RGBA(255,255,255,0)&#8221; global_colors_info=&#8221;{}&#8221;][et_pb_text _builder_version=&#8221;4.19.5&#8243; _module_preset=&#8221;default&#8221; header_6_text_align=&#8221;right&#8221; height=&#8221;20px&#8221; custom_margin=&#8221;-24px||4px||false|false&#8221; custom_padding=&#8221;0px||0px||false|false&#8221; global_colors_info=&#8221;{}&#8221;]<\/p>\n<h6>* indicates required field<\/h6>\n<p>[\/et_pb_text][et_pb_contact_form use_spam_service=&#8221;on&#8221; recaptcha_list=&#8221;mustamakimedia FI rec v3|mustamakimedia FI rec v3-0&#8243; email=&#8221;mustamakimedia@gmail.com&#8221; success_message=&#8221;Viestisi on l\u00e4hetetty onnistuneesti.&#8221; submit_button_text=&#8221;L\u00e4het\u00e4&#8221; _builder_version=&#8221;4.20.4&#8243; _module_preset=&#8221;default&#8221; _unique_id=&#8221;42c697c8-23dd-432a-ae87-a3b992635811&#8243; form_field_background_color=&#8221;#f3f3f3&#8243; form_field_text_color=&#8221;#515151&#8243; custom_button=&#8221;on&#8221; button_text_size=&#8221;17px&#8221; button_text_color=&#8221;#e09900&#8243; button_bg_color=&#8221;#efefef&#8221; button_border_radius=&#8221;25px&#8221; button_use_icon=&#8221;off&#8221; global_colors_info=&#8221;{}&#8221; button_bg_color__hover_enabled=&#8221;on|hover&#8221; button_bg_color__hover=&#8221;#f5f5f5&#8243; button_bg_enable_color__hover=&#8221;on&#8221;][et_pb_contact_field field_id=&#8221;Nimi&#8221; field_title=&#8221;Nimi*&#8221; required_mark=&#8221;off&#8221; _builder_version=&#8221;4.20.2&#8243; _module_preset=&#8221;default&#8221; global_colors_info=&#8221;{}&#8221;][\/et_pb_contact_field][et_pb_contact_field field_id=&#8221;S\u00e4hk\u00f6posti&#8221; field_title=&#8221;S\u00e4hk\u00f6posti*&#8221; field_type=&#8221;email&#8221; _builder_version=&#8221;4.20.2&#8243; _module_preset=&#8221;default&#8221; global_colors_info=&#8221;{}&#8221;][\/et_pb_contact_field][et_pb_contact_field field_id=&#8221;Viesti&#8221; field_title=&#8221;Viesti*&#8221; field_type=&#8221;text&#8221; fullwidth_field=&#8221;on&#8221; _builder_version=&#8221;4.20.2&#8243; _module_preset=&#8221;default&#8221; global_colors_info=&#8221;{}&#8221;][\/et_pb_contact_field][et_pb_contact_field field_id=&#8221;GDPR&#8221; field_title=&#8221; &#8221; field_type=&#8221;checkbox&#8221; checkbox_options=&#8221;%91{%22value%22:%22L\u00e4hett\u00e4m\u00e4ll\u00e4 viestin hyv\u00e4ksyn henkil\u00f6tietojeni k\u00e4sittelyn yksil\u00f6iden suojelusta 27.4.2016 annetun Euroopan parlamentin ja neuvoston asetuksen (EU) N:o 2016\/679 mukaisesti henkil\u00f6tietojen k\u00e4sittelyst\u00e4 ja t\u00e4llaisten tietojen vapaasta liikkuvuudesta sek\u00e4 direktiivin 95\/46\/EY kumoamisesta ilmoituksen t\u00e4yt\u00e4nt\u00f6\u00f6npanon yhteydess\u00e4. Tietojen antaminen on vapaaehtoista, mutta v\u00e4ltt\u00e4m\u00e4t\u00f6nt\u00e4 kyselyn k\u00e4sittelemiseksi. Minulle on ilmoitettu, ett\u00e4 minulla on oikeus tutustua tietoihini, mahdollisuus korjata ne ja pyyt\u00e4\u00e4 niiden k\u00e4sittelyn lopettamista. Henkil\u00f6tietojen yll\u00e4pit\u00e4j\u00e4 on Klaudia Cieplinska.*%22,%22checked%22:0,%22dragID%22:0}%93&#8243; fullwidth_field=&#8221;on&#8221; _builder_version=&#8221;4.20.2&#8243; _module_preset=&#8221;default&#8221; form_field_font=&#8221;||||||||&#8221; form_field_font_size=&#8221;13px&#8221; global_colors_info=&#8221;{}&#8221;][\/et_pb_contact_field][\/et_pb_contact_form][\/et_pb_column][\/et_pb_row][\/et_pb_section]<\/p>\n","protected":false},"excerpt":{"rendered":"<p>Yhteystiedot &#8211; VALOKUVAAJA JYV\u00c4SKYL\u00c4 VALOKUVAAJA \/ DRONE PILOT \/ RETUSOERI KESKI-SUOMESSA \/ VALOKUVAAJA JYV\u00c4SKYL\u00c4 &nbsp;Nimeni on Klaudia ja olen valokuvaaja Keski-Suomessa, Jyv\u00e4skyl\u00e4ss\u00e4. Hein\u00e4kuussa 2022 muutin Puolasta Suomeen. Portfoliossani sis\u00e4lt\u00e4\u00e4 yrityssessiot, muotokuvat, sisustussessiot, valokuvat sosiaalisessa mediassa, h\u00e4\u00e4kuvat, perhe- ja satunnaiset istunnot, drone-kuvat 4K-laadulla, drone-video 4K-laadulla, 360-panoraama dronista.Minun tuotemerkkini: Musta M\u00e4ki Media Klaudia CieplinskaValokuvaaja, valokuvaretusoija,Drone-valokuvaaja ja -videokuvaajaS\u00e4hk\u00f6posti: [&hellip;]<\/p>\n","protected":false},"author":2,"featured_media":3119,"parent":0,"menu_order":0,"comment_status":"closed","ping_status":"closed","template":"","meta":{"_et_pb_use_builder":"on","_et_pb_old_content":"","_et_gb_content_width":"","ngg_post_thumbnail":0,"footnotes":""},"class_list":["post-1588","page","type-page","status-publish","has-post-thumbnail","hentry"],"yoast_head":"<!-- This site is optimized with the Yoast SEO plugin v25.3 - https:\/\/yoast.com\/wordpress\/plugins\/seo\/ -->\n<title>Yhteystiedot - Musta Maki Media<\/title>\n<meta name=\"description\" content=\"Etsitk\u00f6 valokuvaajaa Jyv\u00e4skyl\u00e4st\u00e4? Olen Klaudia Cieplinska - Musta M\u00e4ki Media - ammattivalokuvaaja. Tarjouksessani on: yrityskuvaus, br\u00e4ndikuvaus, henkil\u00f6kuvaus, valmistujaiskuvaus, yksityisvalokuvaus, perhekuvaus, tapahtumakuvaus, asuntokuvaus, hotellikuvaus, portretkuvaus, h\u00e4\u00e4kuvaus ja paljon muuta.\" \/>\n<meta name=\"robots\" content=\"index, follow, max-snippet:-1, max-image-preview:large, max-video-preview:-1\" \/>\n<link rel=\"canonical\" href=\"https:\/\/mustamakimedia.fi\/fi\/yhteystiedot\/\" \/>\n<meta property=\"og:locale\" content=\"fi_FI\" \/>\n<meta property=\"og:type\" content=\"article\" \/>\n<meta property=\"og:title\" content=\"Yhteystiedot - Musta Maki Media\" \/>\n<meta property=\"og:description\" content=\"Etsitk\u00f6 valokuvaajaa Jyv\u00e4skyl\u00e4st\u00e4? Olen Klaudia Cieplinska - Musta M\u00e4ki Media - ammattivalokuvaaja. Tarjouksessani on: yrityskuvaus, br\u00e4ndikuvaus, henkil\u00f6kuvaus, valmistujaiskuvaus, yksityisvalokuvaus, perhekuvaus, tapahtumakuvaus, asuntokuvaus, hotellikuvaus, portretkuvaus, h\u00e4\u00e4kuvaus ja paljon muuta.\" \/>\n<meta property=\"og:url\" content=\"https:\/\/mustamakimedia.fi\/fi\/yhteystiedot\/\" \/>\n<meta property=\"og:site_name\" content=\"Musta Maki Media\" \/>\n<meta property=\"article:publisher\" content=\"https:\/\/www.facebook.com\/MustaMakiMedia\" \/>\n<meta property=\"article:modified_time\" content=\"2024-04-29T11:06:07+00:00\" \/>\n<meta property=\"og:image\" content=\"https:\/\/mustamakimedia.fi\/wp-content\/uploads\/2023\/05\/2023-Valokuvaaja-Jyvaskyla-Musta-Maki-Media-02.jpg\" \/>\n\t<meta property=\"og:image:width\" content=\"4127\" \/>\n\t<meta property=\"og:image:height\" content=\"2160\" \/>\n\t<meta property=\"og:image:type\" content=\"image\/jpeg\" \/>\n<meta name=\"twitter:card\" content=\"summary_large_image\" \/>\n<meta name=\"twitter:label1\" content=\"Arvioitu lukuaika\" \/>\n\t<meta name=\"twitter:data1\" content=\"6 minuuttia\" \/>\n<script type=\"application\/ld+json\" class=\"yoast-schema-graph\">{\"@context\":\"https:\/\/schema.org\",\"@graph\":[{\"@type\":\"WebPage\",\"@id\":\"https:\/\/mustamakimedia.fi\/fi\/yhteystiedot\/\",\"url\":\"https:\/\/mustamakimedia.fi\/fi\/yhteystiedot\/\",\"name\":\"Yhteystiedot - Musta Maki Media\",\"isPartOf\":{\"@id\":\"https:\/\/mustamakimedia.fi\/#website\"},\"primaryImageOfPage\":{\"@id\":\"https:\/\/mustamakimedia.fi\/fi\/yhteystiedot\/#primaryimage\"},\"image\":{\"@id\":\"https:\/\/mustamakimedia.fi\/fi\/yhteystiedot\/#primaryimage\"},\"thumbnailUrl\":\"https:\/\/mustamakimedia.fi\/wp-content\/uploads\/2023\/05\/2023-Valokuvaaja-Jyvaskyla-Musta-Maki-Media-02.jpg\",\"datePublished\":\"2023-03-11T16:11:16+00:00\",\"dateModified\":\"2024-04-29T11:06:07+00:00\",\"description\":\"Etsitk\u00f6 valokuvaajaa Jyv\u00e4skyl\u00e4st\u00e4? Olen Klaudia Cieplinska - Musta M\u00e4ki Media - ammattivalokuvaaja. Tarjouksessani on: yrityskuvaus, br\u00e4ndikuvaus, henkil\u00f6kuvaus, valmistujaiskuvaus, yksityisvalokuvaus, perhekuvaus, tapahtumakuvaus, asuntokuvaus, hotellikuvaus, portretkuvaus, h\u00e4\u00e4kuvaus ja paljon muuta.\",\"breadcrumb\":{\"@id\":\"https:\/\/mustamakimedia.fi\/fi\/yhteystiedot\/#breadcrumb\"},\"inLanguage\":\"fi\",\"potentialAction\":[{\"@type\":\"ReadAction\",\"target\":[\"https:\/\/mustamakimedia.fi\/fi\/yhteystiedot\/\"]}]},{\"@type\":\"ImageObject\",\"inLanguage\":\"fi\",\"@id\":\"https:\/\/mustamakimedia.fi\/fi\/yhteystiedot\/#primaryimage\",\"url\":\"https:\/\/mustamakimedia.fi\/wp-content\/uploads\/2023\/05\/2023-Valokuvaaja-Jyvaskyla-Musta-Maki-Media-02.jpg\",\"contentUrl\":\"https:\/\/mustamakimedia.fi\/wp-content\/uploads\/2023\/05\/2023-Valokuvaaja-Jyvaskyla-Musta-Maki-Media-02.jpg\",\"width\":4127,\"height\":2160,\"caption\":\"Valokuvaaja Jyv\u00e4skyl\u00e4\"},{\"@type\":\"BreadcrumbList\",\"@id\":\"https:\/\/mustamakimedia.fi\/fi\/yhteystiedot\/#breadcrumb\",\"itemListElement\":[{\"@type\":\"ListItem\",\"position\":1,\"name\":\"Home\",\"item\":\"https:\/\/mustamakimedia.fi\/\"},{\"@type\":\"ListItem\",\"position\":2,\"name\":\"Yhteystiedot\"}]},{\"@type\":\"WebSite\",\"@id\":\"https:\/\/mustamakimedia.fi\/#website\",\"url\":\"https:\/\/mustamakimedia.fi\/\",\"name\":\"Musta Maki Media\",\"description\":\"Musta M\u00e4ki Media - Valokuvaaja Jyv\u00e4skyl\u00e4ss\u00e4 \/ Drone - Keski-Suomi \/  Tarjoukseni sis\u00e4lt\u00e4\u00e4 yrityskuvaus, muotokuvat, asuntokuvaus, hotellikuvaus, henkil\u00f6kuvaus, tapahtumakuvaus,  valokuvat sosiaalisessa mediassa, muotokuvaus, h\u00e4\u00e4kuvat, perhe- ja satunnaiset istunnot,  br\u00e4ndikuvaus, valmistujaiskuvaus, boudoir-kuvaus, dronekuvaus, ja sisustuskuvaus.\",\"publisher\":{\"@id\":\"https:\/\/mustamakimedia.fi\/#organization\"},\"alternateName\":\"Musta M\u00e4ki Media - Valokuvaaja Jyv\u00e4skyl\u00e4ss\u00e4\",\"potentialAction\":[{\"@type\":\"SearchAction\",\"target\":{\"@type\":\"EntryPoint\",\"urlTemplate\":\"https:\/\/mustamakimedia.fi\/?s={search_term_string}\"},\"query-input\":{\"@type\":\"PropertyValueSpecification\",\"valueRequired\":true,\"valueName\":\"search_term_string\"}}],\"inLanguage\":\"fi\"},{\"@type\":\"Organization\",\"@id\":\"https:\/\/mustamakimedia.fi\/#organization\",\"name\":\"Musta M\u00e4ki Media\",\"url\":\"https:\/\/mustamakimedia.fi\/\",\"logo\":{\"@type\":\"ImageObject\",\"inLanguage\":\"fi\",\"@id\":\"https:\/\/mustamakimedia.fi\/#\/schema\/logo\/image\/\",\"url\":\"https:\/\/mustamakimedia.fi\/wp-content\/uploads\/2023\/03\/MMM-Valokuvaaja-Jyvaskyla-Logo-sqb-512.png\",\"contentUrl\":\"https:\/\/mustamakimedia.fi\/wp-content\/uploads\/2023\/03\/MMM-Valokuvaaja-Jyvaskyla-Logo-sqb-512.png\",\"width\":512,\"height\":512,\"caption\":\"Musta M\u00e4ki Media\"},\"image\":{\"@id\":\"https:\/\/mustamakimedia.fi\/#\/schema\/logo\/image\/\"},\"sameAs\":[\"https:\/\/www.facebook.com\/MustaMakiMedia\",\"https:\/\/www.instagram.com\/mustamakimedia\/\",\"https:\/\/www.youtube.com\/@mustamakimedia\"]}]}<\/script>\n<!-- \/ Yoast SEO plugin. -->","yoast_head_json":{"title":"Yhteystiedot - Musta Maki Media","description":"Etsitk\u00f6 valokuvaajaa Jyv\u00e4skyl\u00e4st\u00e4? Olen Klaudia Cieplinska - Musta M\u00e4ki Media - ammattivalokuvaaja. Tarjouksessani on: yrityskuvaus, br\u00e4ndikuvaus, henkil\u00f6kuvaus, valmistujaiskuvaus, yksityisvalokuvaus, perhekuvaus, tapahtumakuvaus, asuntokuvaus, hotellikuvaus, portretkuvaus, h\u00e4\u00e4kuvaus ja paljon muuta.","robots":{"index":"index","follow":"follow","max-snippet":"max-snippet:-1","max-image-preview":"max-image-preview:large","max-video-preview":"max-video-preview:-1"},"canonical":"https:\/\/mustamakimedia.fi\/fi\/yhteystiedot\/","og_locale":"fi_FI","og_type":"article","og_title":"Yhteystiedot - Musta Maki Media","og_description":"Etsitk\u00f6 valokuvaajaa Jyv\u00e4skyl\u00e4st\u00e4? Olen Klaudia Cieplinska - Musta M\u00e4ki Media - ammattivalokuvaaja. Tarjouksessani on: yrityskuvaus, br\u00e4ndikuvaus, henkil\u00f6kuvaus, valmistujaiskuvaus, yksityisvalokuvaus, perhekuvaus, tapahtumakuvaus, asuntokuvaus, hotellikuvaus, portretkuvaus, h\u00e4\u00e4kuvaus ja paljon muuta.","og_url":"https:\/\/mustamakimedia.fi\/fi\/yhteystiedot\/","og_site_name":"Musta Maki Media","article_publisher":"https:\/\/www.facebook.com\/MustaMakiMedia","article_modified_time":"2024-04-29T11:06:07+00:00","og_image":[{"width":4127,"height":2160,"url":"https:\/\/mustamakimedia.fi\/wp-content\/uploads\/2023\/05\/2023-Valokuvaaja-Jyvaskyla-Musta-Maki-Media-02.jpg","type":"image\/jpeg"}],"twitter_card":"summary_large_image","twitter_misc":{"Arvioitu lukuaika":"6 minuuttia"},"schema":{"@context":"https:\/\/schema.org","@graph":[{"@type":"WebPage","@id":"https:\/\/mustamakimedia.fi\/fi\/yhteystiedot\/","url":"https:\/\/mustamakimedia.fi\/fi\/yhteystiedot\/","name":"Yhteystiedot - Musta Maki Media","isPartOf":{"@id":"https:\/\/mustamakimedia.fi\/#website"},"primaryImageOfPage":{"@id":"https:\/\/mustamakimedia.fi\/fi\/yhteystiedot\/#primaryimage"},"image":{"@id":"https:\/\/mustamakimedia.fi\/fi\/yhteystiedot\/#primaryimage"},"thumbnailUrl":"https:\/\/mustamakimedia.fi\/wp-content\/uploads\/2023\/05\/2023-Valokuvaaja-Jyvaskyla-Musta-Maki-Media-02.jpg","datePublished":"2023-03-11T16:11:16+00:00","dateModified":"2024-04-29T11:06:07+00:00","description":"Etsitk\u00f6 valokuvaajaa Jyv\u00e4skyl\u00e4st\u00e4? Olen Klaudia Cieplinska - Musta M\u00e4ki Media - ammattivalokuvaaja. Tarjouksessani on: yrityskuvaus, br\u00e4ndikuvaus, henkil\u00f6kuvaus, valmistujaiskuvaus, yksityisvalokuvaus, perhekuvaus, tapahtumakuvaus, asuntokuvaus, hotellikuvaus, portretkuvaus, h\u00e4\u00e4kuvaus ja paljon muuta.","breadcrumb":{"@id":"https:\/\/mustamakimedia.fi\/fi\/yhteystiedot\/#breadcrumb"},"inLanguage":"fi","potentialAction":[{"@type":"ReadAction","target":["https:\/\/mustamakimedia.fi\/fi\/yhteystiedot\/"]}]},{"@type":"ImageObject","inLanguage":"fi","@id":"https:\/\/mustamakimedia.fi\/fi\/yhteystiedot\/#primaryimage","url":"https:\/\/mustamakimedia.fi\/wp-content\/uploads\/2023\/05\/2023-Valokuvaaja-Jyvaskyla-Musta-Maki-Media-02.jpg","contentUrl":"https:\/\/mustamakimedia.fi\/wp-content\/uploads\/2023\/05\/2023-Valokuvaaja-Jyvaskyla-Musta-Maki-Media-02.jpg","width":4127,"height":2160,"caption":"Valokuvaaja Jyv\u00e4skyl\u00e4"},{"@type":"BreadcrumbList","@id":"https:\/\/mustamakimedia.fi\/fi\/yhteystiedot\/#breadcrumb","itemListElement":[{"@type":"ListItem","position":1,"name":"Home","item":"https:\/\/mustamakimedia.fi\/"},{"@type":"ListItem","position":2,"name":"Yhteystiedot"}]},{"@type":"WebSite","@id":"https:\/\/mustamakimedia.fi\/#website","url":"https:\/\/mustamakimedia.fi\/","name":"Musta Maki Media","description":"Musta M\u00e4ki Media - Valokuvaaja Jyv\u00e4skyl\u00e4ss\u00e4 \/ Drone - Keski-Suomi \/  Tarjoukseni sis\u00e4lt\u00e4\u00e4 yrityskuvaus, muotokuvat, asuntokuvaus, hotellikuvaus, henkil\u00f6kuvaus, tapahtumakuvaus,  valokuvat sosiaalisessa mediassa, muotokuvaus, h\u00e4\u00e4kuvat, perhe- ja satunnaiset istunnot,  br\u00e4ndikuvaus, valmistujaiskuvaus, boudoir-kuvaus, dronekuvaus, ja sisustuskuvaus.","publisher":{"@id":"https:\/\/mustamakimedia.fi\/#organization"},"alternateName":"Musta M\u00e4ki Media - Valokuvaaja Jyv\u00e4skyl\u00e4ss\u00e4","potentialAction":[{"@type":"SearchAction","target":{"@type":"EntryPoint","urlTemplate":"https:\/\/mustamakimedia.fi\/?s={search_term_string}"},"query-input":{"@type":"PropertyValueSpecification","valueRequired":true,"valueName":"search_term_string"}}],"inLanguage":"fi"},{"@type":"Organization","@id":"https:\/\/mustamakimedia.fi\/#organization","name":"Musta M\u00e4ki Media","url":"https:\/\/mustamakimedia.fi\/","logo":{"@type":"ImageObject","inLanguage":"fi","@id":"https:\/\/mustamakimedia.fi\/#\/schema\/logo\/image\/","url":"https:\/\/mustamakimedia.fi\/wp-content\/uploads\/2023\/03\/MMM-Valokuvaaja-Jyvaskyla-Logo-sqb-512.png","contentUrl":"https:\/\/mustamakimedia.fi\/wp-content\/uploads\/2023\/03\/MMM-Valokuvaaja-Jyvaskyla-Logo-sqb-512.png","width":512,"height":512,"caption":"Musta M\u00e4ki Media"},"image":{"@id":"https:\/\/mustamakimedia.fi\/#\/schema\/logo\/image\/"},"sameAs":["https:\/\/www.facebook.com\/MustaMakiMedia","https:\/\/www.instagram.com\/mustamakimedia\/","https:\/\/www.youtube.com\/@mustamakimedia"]}]}},"_links":{"self":[{"href":"https:\/\/mustamakimedia.fi\/fi\/wp-json\/wp\/v2\/pages\/1588","targetHints":{"allow":["GET"]}}],"collection":[{"href":"https:\/\/mustamakimedia.fi\/fi\/wp-json\/wp\/v2\/pages"}],"about":[{"href":"https:\/\/mustamakimedia.fi\/fi\/wp-json\/wp\/v2\/types\/page"}],"author":[{"embeddable":true,"href":"https:\/\/mustamakimedia.fi\/fi\/wp-json\/wp\/v2\/users\/2"}],"replies":[{"embeddable":true,"href":"https:\/\/mustamakimedia.fi\/fi\/wp-json\/wp\/v2\/comments?post=1588"}],"version-history":[{"count":12,"href":"https:\/\/mustamakimedia.fi\/fi\/wp-json\/wp\/v2\/pages\/1588\/revisions"}],"predecessor-version":[{"id":6409,"href":"https:\/\/mustamakimedia.fi\/fi\/wp-json\/wp\/v2\/pages\/1588\/revisions\/6409"}],"wp:featuredmedia":[{"embeddable":true,"href":"https:\/\/mustamakimedia.fi\/fi\/wp-json\/wp\/v2\/media\/3119"}],"wp:attachment":[{"href":"https:\/\/mustamakimedia.fi\/fi\/wp-json\/wp\/v2\/media?parent=1588"}],"curies":[{"name":"wp","href":"https:\/\/api.w.org\/{rel}","templated":true}]}}