{"id":3070,"date":"2023-03-11T18:11:16","date_gmt":"2023-03-11T16:11:16","guid":{"rendered":"https:\/\/mustamakimedia.fi\/blog\/"},"modified":"2023-10-30T17:59:48","modified_gmt":"2023-10-30T15:59:48","slug":"blog","status":"publish","type":"page","link":"https:\/\/mustamakimedia.fi\/fi\/blog\/","title":{"rendered":"BLOG"},"content":{"rendered":"<p>[et_pb_section fb_built=&#8221;1&#8243; _builder_version=&#8221;4.20.2&#8243; _module_preset=&#8221;default&#8221; custom_margin=&#8221;0px||||false|false&#8221; custom_padding=&#8221;0px||||false|false&#8221; global_colors_info=&#8221;{}&#8221;][et_pb_row _builder_version=&#8221;4.20.2&#8243; _module_preset=&#8221;default&#8221; max_width=&#8221;3840px&#8221; hover_enabled=&#8221;0&#8243; global_colors_info=&#8221;{}&#8221; sticky_enabled=&#8221;0&#8243;][et_pb_column type=&#8221;4_4&#8243; _builder_version=&#8221;4.20.2&#8243; _module_preset=&#8221;default&#8221; hover_enabled=&#8221;0&#8243; global_colors_info=&#8221;{}&#8221; sticky_enabled=&#8221;0&#8243;][et_pb_blog posts_number=&#8221;100&#8243; include_categories=&#8221;all&#8221; show_more=&#8221;on&#8221; show_categories=&#8221;off&#8221; show_pagination=&#8221;off&#8221; module_class=&#8221;mmm-blog-main-element&#8221; _builder_version=&#8221;4.21.0&#8243; _module_preset=&#8221;default&#8221; header_font=&#8221;|||on|||||&#8221; header_text_align=&#8221;left&#8221; header_text_color=&#8221;#444444&#8243; header_font_size=&#8221;22px&#8221; body_text_color=&#8221;#515151&#8243; meta_text_align=&#8221;left&#8221; meta_text_color=&#8221;#999999&#8243; meta_font_size=&#8221;13px&#8221; read_more_text_color=&#8221;#e09900&#8243; link_option_url_new_window=&#8221;on&#8221; hover_enabled=&#8221;0&#8243; custom_css_main_element=&#8221;||&#8221; custom_css_title=&#8221;padding: 0 20px;||||||||&#8221; custom_css_content=&#8221;padding: 20px 20px;||&#8221; custom_css_post_meta=&#8221;padding: 0 20px;||text-transform: capitalize;&#8221; custom_css_pagenavi=&#8221;display:none;&#8221; custom_css_read_more=&#8221;text-transform: capitalize;||padding: 20px 20px 0 0;||text-align:right;||&#8221; border_width_all_fullwidth=&#8221;1px&#8221; border_color_all_fullwidth=&#8221;#c9c9c9&#8243; border_color_bottom_image=&#8221;#999999&#8243; global_colors_info=&#8221;{}&#8221; sticky_enabled=&#8221;0&#8243;][\/et_pb_blog][\/et_pb_column][\/et_pb_row][\/et_pb_section]<\/p>\n","protected":false},"excerpt":{"rendered":"","protected":false},"author":2,"featured_media":1631,"parent":0,"menu_order":0,"comment_status":"closed","ping_status":"closed","template":"","meta":{"_et_pb_use_builder":"on","_et_pb_old_content":"","_et_gb_content_width":"","ngg_post_thumbnail":0,"footnotes":""},"class_list":["post-3070","page","type-page","status-publish","has-post-thumbnail","hentry"],"yoast_head":"<!-- This site is optimized with the Yoast SEO plugin v25.3 - https:\/\/yoast.com\/wordpress\/plugins\/seo\/ -->\n<title>BLOG - Musta Maki Media<\/title>\n<meta name=\"description\" content=\"Etsitk\u00f6 valokuvaajaa Jyv\u00e4skyl\u00e4st\u00e4? Olen Klaudia Cieplinska - Musta M\u00e4ki Media - ammattivalokuvaaja. Tarjouksessani on: yrityskuvaus, br\u00e4ndikuvaus, henkil\u00f6kuvaus, valmistujaiskuvaus, yksityisvalokuvaus, perhekuvaus, tapahtumakuvaus, asuntokuvaus, hotellikuvaus, portretkuvaus, h\u00e4\u00e4kuvaus ja paljon muuta.\" \/>\n<meta name=\"robots\" content=\"index, follow, max-snippet:-1, max-image-preview:large, max-video-preview:-1\" \/>\n<link rel=\"canonical\" href=\"https:\/\/mustamakimedia.fi\/blog\/\" \/>\n<meta property=\"og:locale\" content=\"fi_FI\" \/>\n<meta property=\"og:type\" content=\"article\" \/>\n<meta property=\"og:title\" content=\"BLOG - Musta Maki Media\" \/>\n<meta property=\"og:description\" content=\"Etsitk\u00f6 valokuvaajaa Jyv\u00e4skyl\u00e4st\u00e4? Olen Klaudia Cieplinska - Musta M\u00e4ki Media - ammattivalokuvaaja. Tarjouksessani on: yrityskuvaus, br\u00e4ndikuvaus, henkil\u00f6kuvaus, valmistujaiskuvaus, yksityisvalokuvaus, perhekuvaus, tapahtumakuvaus, asuntokuvaus, hotellikuvaus, portretkuvaus, h\u00e4\u00e4kuvaus ja paljon muuta.\" \/>\n<meta property=\"og:url\" content=\"https:\/\/mustamakimedia.fi\/blog\/\" \/>\n<meta property=\"og:site_name\" content=\"Musta Maki Media\" \/>\n<meta property=\"article:publisher\" content=\"https:\/\/www.facebook.com\/MustaMakiMedia\" \/>\n<meta property=\"article:modified_time\" content=\"2023-10-30T15:59:48+00:00\" \/>\n<meta property=\"og:image\" content=\"https:\/\/mustamakimedia.fi\/wp-content\/uploads\/2023\/04\/2023-Valokuvaaja-Jyvaskyla-BUSINESS-SESSION-Musta-Maki-Media-02-FI-scaled.jpg\" \/>\n\t<meta property=\"og:image:width\" content=\"2560\" \/>\n\t<meta property=\"og:image:height\" content=\"1340\" \/>\n\t<meta property=\"og:image:type\" content=\"image\/jpeg\" \/>\n<meta name=\"twitter:card\" content=\"summary_large_image\" \/>\n<meta name=\"twitter:label1\" content=\"Arvioitu lukuaika\" \/>\n\t<meta name=\"twitter:data1\" content=\"1 minuutti\" \/>\n<script type=\"application\/ld+json\" class=\"yoast-schema-graph\">{\"@context\":\"https:\/\/schema.org\",\"@graph\":[{\"@type\":\"WebPage\",\"@id\":\"https:\/\/mustamakimedia.fi\/blog\/\",\"url\":\"https:\/\/mustamakimedia.fi\/blog\/\",\"name\":\"BLOG - Musta Maki Media\",\"isPartOf\":{\"@id\":\"https:\/\/mustamakimedia.fi\/#website\"},\"primaryImageOfPage\":{\"@id\":\"https:\/\/mustamakimedia.fi\/blog\/#primaryimage\"},\"image\":{\"@id\":\"https:\/\/mustamakimedia.fi\/blog\/#primaryimage\"},\"thumbnailUrl\":\"https:\/\/mustamakimedia.fi\/wp-content\/uploads\/2023\/04\/2023-Valokuvaaja-Jyvaskyla-BUSINESS-SESSION-Musta-Maki-Media-02-FI-scaled.jpg\",\"datePublished\":\"2023-03-11T16:11:16+00:00\",\"dateModified\":\"2023-10-30T15:59:48+00:00\",\"description\":\"Etsitk\u00f6 valokuvaajaa Jyv\u00e4skyl\u00e4st\u00e4? Olen Klaudia Cieplinska - Musta M\u00e4ki Media - ammattivalokuvaaja. Tarjouksessani on: yrityskuvaus, br\u00e4ndikuvaus, henkil\u00f6kuvaus, valmistujaiskuvaus, yksityisvalokuvaus, perhekuvaus, tapahtumakuvaus, asuntokuvaus, hotellikuvaus, portretkuvaus, h\u00e4\u00e4kuvaus ja paljon muuta.\",\"breadcrumb\":{\"@id\":\"https:\/\/mustamakimedia.fi\/blog\/#breadcrumb\"},\"inLanguage\":\"fi\",\"potentialAction\":[{\"@type\":\"ReadAction\",\"target\":[\"https:\/\/mustamakimedia.fi\/blog\/\"]}]},{\"@type\":\"ImageObject\",\"inLanguage\":\"fi\",\"@id\":\"https:\/\/mustamakimedia.fi\/blog\/#primaryimage\",\"url\":\"https:\/\/mustamakimedia.fi\/wp-content\/uploads\/2023\/04\/2023-Valokuvaaja-Jyvaskyla-BUSINESS-SESSION-Musta-Maki-Media-02-FI-scaled.jpg\",\"contentUrl\":\"https:\/\/mustamakimedia.fi\/wp-content\/uploads\/2023\/04\/2023-Valokuvaaja-Jyvaskyla-BUSINESS-SESSION-Musta-Maki-Media-02-FI-scaled.jpg\",\"width\":2560,\"height\":1340,\"caption\":\"Yrityskuvaus Jyv\u00e4skyl\u00e4ss\u00e4\"},{\"@type\":\"BreadcrumbList\",\"@id\":\"https:\/\/mustamakimedia.fi\/blog\/#breadcrumb\",\"itemListElement\":[{\"@type\":\"ListItem\",\"position\":1,\"name\":\"Home\",\"item\":\"https:\/\/mustamakimedia.fi\/\"},{\"@type\":\"ListItem\",\"position\":2,\"name\":\"BLOG\"}]},{\"@type\":\"WebSite\",\"@id\":\"https:\/\/mustamakimedia.fi\/#website\",\"url\":\"https:\/\/mustamakimedia.fi\/\",\"name\":\"Musta Maki Media\",\"description\":\"Musta M\u00e4ki Media - Valokuvaaja Jyv\u00e4skyl\u00e4ss\u00e4 \/ Drone - Keski-Suomi \/  Tarjoukseni sis\u00e4lt\u00e4\u00e4 yrityskuvaus, muotokuvat, asuntokuvaus, hotellikuvaus, henkil\u00f6kuvaus, tapahtumakuvaus,  valokuvat sosiaalisessa mediassa, muotokuvaus, h\u00e4\u00e4kuvat, perhe- ja satunnaiset istunnot,  br\u00e4ndikuvaus, valmistujaiskuvaus, boudoir-kuvaus, dronekuvaus, ja sisustuskuvaus.\",\"publisher\":{\"@id\":\"https:\/\/mustamakimedia.fi\/#organization\"},\"alternateName\":\"Musta M\u00e4ki Media - Valokuvaaja Jyv\u00e4skyl\u00e4ss\u00e4\",\"potentialAction\":[{\"@type\":\"SearchAction\",\"target\":{\"@type\":\"EntryPoint\",\"urlTemplate\":\"https:\/\/mustamakimedia.fi\/?s={search_term_string}\"},\"query-input\":{\"@type\":\"PropertyValueSpecification\",\"valueRequired\":true,\"valueName\":\"search_term_string\"}}],\"inLanguage\":\"fi\"},{\"@type\":\"Organization\",\"@id\":\"https:\/\/mustamakimedia.fi\/#organization\",\"name\":\"Musta M\u00e4ki Media\",\"url\":\"https:\/\/mustamakimedia.fi\/\",\"logo\":{\"@type\":\"ImageObject\",\"inLanguage\":\"fi\",\"@id\":\"https:\/\/mustamakimedia.fi\/#\/schema\/logo\/image\/\",\"url\":\"https:\/\/mustamakimedia.fi\/wp-content\/uploads\/2023\/03\/MMM-Valokuvaaja-Jyvaskyla-Logo-sqb-512.png\",\"contentUrl\":\"https:\/\/mustamakimedia.fi\/wp-content\/uploads\/2023\/03\/MMM-Valokuvaaja-Jyvaskyla-Logo-sqb-512.png\",\"width\":512,\"height\":512,\"caption\":\"Musta M\u00e4ki Media\"},\"image\":{\"@id\":\"https:\/\/mustamakimedia.fi\/#\/schema\/logo\/image\/\"},\"sameAs\":[\"https:\/\/www.facebook.com\/MustaMakiMedia\",\"https:\/\/www.instagram.com\/mustamakimedia\/\",\"https:\/\/www.youtube.com\/@mustamakimedia\"]}]}<\/script>\n<!-- \/ Yoast SEO plugin. -->","yoast_head_json":{"title":"BLOG - Musta Maki Media","description":"Etsitk\u00f6 valokuvaajaa Jyv\u00e4skyl\u00e4st\u00e4? Olen Klaudia Cieplinska - Musta M\u00e4ki Media - ammattivalokuvaaja. Tarjouksessani on: yrityskuvaus, br\u00e4ndikuvaus, henkil\u00f6kuvaus, valmistujaiskuvaus, yksityisvalokuvaus, perhekuvaus, tapahtumakuvaus, asuntokuvaus, hotellikuvaus, portretkuvaus, h\u00e4\u00e4kuvaus ja paljon muuta.","robots":{"index":"index","follow":"follow","max-snippet":"max-snippet:-1","max-image-preview":"max-image-preview:large","max-video-preview":"max-video-preview:-1"},"canonical":"https:\/\/mustamakimedia.fi\/blog\/","og_locale":"fi_FI","og_type":"article","og_title":"BLOG - Musta Maki Media","og_description":"Etsitk\u00f6 valokuvaajaa Jyv\u00e4skyl\u00e4st\u00e4? Olen Klaudia Cieplinska - Musta M\u00e4ki Media - ammattivalokuvaaja. Tarjouksessani on: yrityskuvaus, br\u00e4ndikuvaus, henkil\u00f6kuvaus, valmistujaiskuvaus, yksityisvalokuvaus, perhekuvaus, tapahtumakuvaus, asuntokuvaus, hotellikuvaus, portretkuvaus, h\u00e4\u00e4kuvaus ja paljon muuta.","og_url":"https:\/\/mustamakimedia.fi\/blog\/","og_site_name":"Musta Maki Media","article_publisher":"https:\/\/www.facebook.com\/MustaMakiMedia","article_modified_time":"2023-10-30T15:59:48+00:00","og_image":[{"width":2560,"height":1340,"url":"https:\/\/mustamakimedia.fi\/wp-content\/uploads\/2023\/04\/2023-Valokuvaaja-Jyvaskyla-BUSINESS-SESSION-Musta-Maki-Media-02-FI-scaled.jpg","type":"image\/jpeg"}],"twitter_card":"summary_large_image","twitter_misc":{"Arvioitu lukuaika":"1 minuutti"},"schema":{"@context":"https:\/\/schema.org","@graph":[{"@type":"WebPage","@id":"https:\/\/mustamakimedia.fi\/blog\/","url":"https:\/\/mustamakimedia.fi\/blog\/","name":"BLOG - Musta Maki Media","isPartOf":{"@id":"https:\/\/mustamakimedia.fi\/#website"},"primaryImageOfPage":{"@id":"https:\/\/mustamakimedia.fi\/blog\/#primaryimage"},"image":{"@id":"https:\/\/mustamakimedia.fi\/blog\/#primaryimage"},"thumbnailUrl":"https:\/\/mustamakimedia.fi\/wp-content\/uploads\/2023\/04\/2023-Valokuvaaja-Jyvaskyla-BUSINESS-SESSION-Musta-Maki-Media-02-FI-scaled.jpg","datePublished":"2023-03-11T16:11:16+00:00","dateModified":"2023-10-30T15:59:48+00:00","description":"Etsitk\u00f6 valokuvaajaa Jyv\u00e4skyl\u00e4st\u00e4? Olen Klaudia Cieplinska - Musta M\u00e4ki Media - ammattivalokuvaaja. Tarjouksessani on: yrityskuvaus, br\u00e4ndikuvaus, henkil\u00f6kuvaus, valmistujaiskuvaus, yksityisvalokuvaus, perhekuvaus, tapahtumakuvaus, asuntokuvaus, hotellikuvaus, portretkuvaus, h\u00e4\u00e4kuvaus ja paljon muuta.","breadcrumb":{"@id":"https:\/\/mustamakimedia.fi\/blog\/#breadcrumb"},"inLanguage":"fi","potentialAction":[{"@type":"ReadAction","target":["https:\/\/mustamakimedia.fi\/blog\/"]}]},{"@type":"ImageObject","inLanguage":"fi","@id":"https:\/\/mustamakimedia.fi\/blog\/#primaryimage","url":"https:\/\/mustamakimedia.fi\/wp-content\/uploads\/2023\/04\/2023-Valokuvaaja-Jyvaskyla-BUSINESS-SESSION-Musta-Maki-Media-02-FI-scaled.jpg","contentUrl":"https:\/\/mustamakimedia.fi\/wp-content\/uploads\/2023\/04\/2023-Valokuvaaja-Jyvaskyla-BUSINESS-SESSION-Musta-Maki-Media-02-FI-scaled.jpg","width":2560,"height":1340,"caption":"Yrityskuvaus Jyv\u00e4skyl\u00e4ss\u00e4"},{"@type":"BreadcrumbList","@id":"https:\/\/mustamakimedia.fi\/blog\/#breadcrumb","itemListElement":[{"@type":"ListItem","position":1,"name":"Home","item":"https:\/\/mustamakimedia.fi\/"},{"@type":"ListItem","position":2,"name":"BLOG"}]},{"@type":"WebSite","@id":"https:\/\/mustamakimedia.fi\/#website","url":"https:\/\/mustamakimedia.fi\/","name":"Musta Maki Media","description":"Musta M\u00e4ki Media - Valokuvaaja Jyv\u00e4skyl\u00e4ss\u00e4 \/ Drone - Keski-Suomi \/  Tarjoukseni sis\u00e4lt\u00e4\u00e4 yrityskuvaus, muotokuvat, asuntokuvaus, hotellikuvaus, henkil\u00f6kuvaus, tapahtumakuvaus,  valokuvat sosiaalisessa mediassa, muotokuvaus, h\u00e4\u00e4kuvat, perhe- ja satunnaiset istunnot,  br\u00e4ndikuvaus, valmistujaiskuvaus, boudoir-kuvaus, dronekuvaus, ja sisustuskuvaus.","publisher":{"@id":"https:\/\/mustamakimedia.fi\/#organization"},"alternateName":"Musta M\u00e4ki Media - Valokuvaaja Jyv\u00e4skyl\u00e4ss\u00e4","potentialAction":[{"@type":"SearchAction","target":{"@type":"EntryPoint","urlTemplate":"https:\/\/mustamakimedia.fi\/?s={search_term_string}"},"query-input":{"@type":"PropertyValueSpecification","valueRequired":true,"valueName":"search_term_string"}}],"inLanguage":"fi"},{"@type":"Organization","@id":"https:\/\/mustamakimedia.fi\/#organization","name":"Musta M\u00e4ki Media","url":"https:\/\/mustamakimedia.fi\/","logo":{"@type":"ImageObject","inLanguage":"fi","@id":"https:\/\/mustamakimedia.fi\/#\/schema\/logo\/image\/","url":"https:\/\/mustamakimedia.fi\/wp-content\/uploads\/2023\/03\/MMM-Valokuvaaja-Jyvaskyla-Logo-sqb-512.png","contentUrl":"https:\/\/mustamakimedia.fi\/wp-content\/uploads\/2023\/03\/MMM-Valokuvaaja-Jyvaskyla-Logo-sqb-512.png","width":512,"height":512,"caption":"Musta M\u00e4ki Media"},"image":{"@id":"https:\/\/mustamakimedia.fi\/#\/schema\/logo\/image\/"},"sameAs":["https:\/\/www.facebook.com\/MustaMakiMedia","https:\/\/www.instagram.com\/mustamakimedia\/","https:\/\/www.youtube.com\/@mustamakimedia"]}]}},"_links":{"self":[{"href":"https:\/\/mustamakimedia.fi\/fi\/wp-json\/wp\/v2\/pages\/3070","targetHints":{"allow":["GET"]}}],"collection":[{"href":"https:\/\/mustamakimedia.fi\/fi\/wp-json\/wp\/v2\/pages"}],"about":[{"href":"https:\/\/mustamakimedia.fi\/fi\/wp-json\/wp\/v2\/types\/page"}],"author":[{"embeddable":true,"href":"https:\/\/mustamakimedia.fi\/fi\/wp-json\/wp\/v2\/users\/2"}],"replies":[{"embeddable":true,"href":"https:\/\/mustamakimedia.fi\/fi\/wp-json\/wp\/v2\/comments?post=3070"}],"version-history":[{"count":4,"href":"https:\/\/mustamakimedia.fi\/fi\/wp-json\/wp\/v2\/pages\/3070\/revisions"}],"predecessor-version":[{"id":5912,"href":"https:\/\/mustamakimedia.fi\/fi\/wp-json\/wp\/v2\/pages\/3070\/revisions\/5912"}],"wp:featuredmedia":[{"embeddable":true,"href":"https:\/\/mustamakimedia.fi\/fi\/wp-json\/wp\/v2\/media\/1631"}],"wp:attachment":[{"href":"https:\/\/mustamakimedia.fi\/fi\/wp-json\/wp\/v2\/media?parent=3070"}],"curies":[{"name":"wp","href":"https:\/\/api.w.org\/{rel}","templated":true}]}}